{"id":4375,"date":"2025-11-21T15:17:09","date_gmt":"2025-11-21T14:17:09","guid":{"rendered":"https:\/\/kusthotelletstyrso.se\/image-gallery\/"},"modified":"2025-12-02T16:20:25","modified_gmt":"2025-12-02T15:20:25","slug":"image-gallery","status":"publish","type":"page","link":"https:\/\/kusthotelletstyrso.se\/en\/image-gallery\/","title":{"rendered":"Image gallery"},"content":{"rendered":"<div id=\"\" data-block-id=\"6ed710da-b0dc-41e5-9442-672f6531d2ab\" data-section-title=\"\" class=\"haj-section haj-relative block-editor-block-list__block wp-block block-editor-block-list__block wp-block wp-block-haj-section-block has-background-image has-black-background-color haj-height-fullvh offset-menu haj-width-1280 offset-menu haj-flex-wrap haj-flex-middle has-transparent-header haj-height-expand haj-height-expand@m haj-height-expand@s has-background-image   \">\n            <img decoding=\"async\" src=\"https:\/\/kusthotelletstyrso.se\/wp-content\/uploads\/2025\/11\/DSC05512.jpg\" alt=\"\" class=\"haj-background-image\" \/>\n   \n   \n\n<div class=\"wp-block-columns has-white-color has-text-color has-link-color wp-elements-8936cb7b90dc1bf449be91bcfba9d458 is-layout-flex wp-container-core-columns-is-layout-28f84493 wp-block-columns-is-layout-flex\">\n<div class=\"wp-block-column is-layout-flow wp-block-column-is-layout-flow\">\n<h1 class=\"wp-block-heading has-text-align-center has-white-color has-text-color has-link-color wp-elements-408a90378a45a75dd23d1a75ce24f104\">Image gallery<\/h1>\n<\/div>\n<\/div>\n\n   <\/div><div id=\"\" data-block-id=\"262b1947-7215-4857-be60-1e2fb6c11097\" data-section-title=\"\" class=\"haj-section haj-relative block-editor-block-list__block wp-block block-editor-block-list__block wp-block has-child-selected offset-content-section wp-block-haj-section-block has-sand-background-color haj-height-auto offset-menu haj-width-1280 offset-menu haj-flex-wrap haj-flex-middle haj-height-expand haj-height-expand@m haj-height-expand@s    \">\n   \n   \n\n<div class=\"wp-block-columns haj-columns has-light-sand-background-color has-background is-layout-flex wp-container-core-columns-is-layout-7abde1fe wp-block-columns-is-layout-flex\" style=\"padding-top:var(--wp--preset--spacing--40);padding-bottom:var(--wp--preset--spacing--40)\">\n<div class=\"wp-block-column is-layout-flow wp-block-column-is-layout-flow\">\n<div class=\"wp-block-group has-global-padding is-layout-constrained wp-container-core-group-is-layout-92ef7b19 wp-block-group-is-layout-constrained\">\n<h2 class=\"wp-block-heading has-text-align-center\">Explore the hotel <\/h2>\n\n\n\n<p class=\"has-text-align-center has-medium-font-size\">From the sun-glittering cliffs to the quiet paths that wind through the greenery. Here you can join us on a visual journey of discovery where each picture tells its own little story about life in the archipelago. Let yourself be inspired by the atmosphere, nature and the timeless tranquility that make the island a place many return to time and time again. Ready to visit us? Follow one of the buttons below!    <\/p>\n\n\n\n<div class=\"wp-block-buttons is-content-justification-center is-layout-flex wp-container-core-buttons-is-layout-a89b3969 wp-block-buttons-is-layout-flex\">\n<div class=\"wp-block-button is-style-fill\"><a class=\"wp-block-button__link wp-element-button\" href=\"https:\/\/booking.kusthotelletstyrso.se\/package?langid=2\" target=\"_blank\" rel=\"noreferrer noopener\">See our packages &amp; offers<\/a><\/div>\n\n\n\n<div class=\"wp-block-button is-style-outline is-style-outline--1\"><a class=\"wp-block-button__link wp-element-button\" href=\"https:\/\/kusthotelletstyrso.se\/en\/gift-cards\/\">Buy gift card<\/a><\/div>\n<\/div>\n<\/div>\n<\/div>\n<\/div>\n\n\n\n<div class=\"wp-block-columns haj-columns has-light-sand-background-color has-background is-layout-flex wp-container-core-columns-is-layout-28f84493 wp-block-columns-is-layout-flex\">\n<div class=\"wp-block-column is-layout-flow wp-container-core-column-is-layout-b603aa3e wp-block-column-is-layout-flow\" style=\"border-bottom-color:var(--wp--preset--color--sand);border-bottom-width:1px;padding-top:0;padding-bottom:var(--wp--preset--spacing--50)\"><\/div>\n<\/div>\n\n\n\n<div class=\"wp-block-columns haj-columns has-dansk-sand-color has-light-sand-background-color has-text-color has-background has-link-color wp-elements-284ddcee981d8e47abb13ec250a9406a is-layout-flex wp-container-core-columns-is-layout-2c86e674 wp-block-columns-is-layout-flex\" id=\"kontakta-oss\" style=\"padding-top:var(--wp--preset--spacing--60);padding-bottom:var(--wp--preset--spacing--60)\">\n<div class=\"wp-block-column is-layout-flow wp-block-column-is-layout-flow\">\n<h2 class=\"wp-block-heading\">Contact us<\/h2>\n\n\n\n<p>Contact us using the form or by email &#8211; and we will get back to you as soon as we can.<\/p>\n\n\n\n<div class=\"wp-block-group is-nowrap is-layout-flex wp-container-core-group-is-layout-908301c4 wp-block-group-is-layout-flex\" style=\"margin-top:var(--wp--preset--spacing--10);margin-bottom:var(--wp--preset--spacing--10)\">\n<div class=\"wp-block-group is-vertical is-layout-flex wp-container-core-group-is-layout-79d98ed0 wp-block-group-is-layout-flex\" style=\"margin-top:var(--wp--preset--spacing--10);margin-bottom:var(--wp--preset--spacing--10)\">\n<figure class=\"wp-block-image size-full\"><img decoding=\"async\" src=\"https:\/\/kusthotelletstyrso.se\/wp-content\/uploads\/2024\/10\/map-marker-lava.svg\" alt=\"\" class=\"wp-image-350\"\/><\/figure>\n\n\n\n<p class=\"has-large-font-size\" style=\"margin-top:var(--wp--preset--spacing--10);margin-bottom:8px;font-style:normal;font-weight:500\">Address<\/p>\n\n\n\n<p>Sk\u00e4retv\u00e4gen 53, Styrs\u00f6<\/p>\n<\/div>\n\n\n\n<div class=\"wp-block-group is-vertical is-layout-flex wp-container-core-group-is-layout-33a30d8e wp-block-group-is-layout-flex\" style=\"margin-top:var(--wp--preset--spacing--20);margin-bottom:var(--wp--preset--spacing--20)\">\n<figure class=\"wp-block-image size-full\"><img decoding=\"async\" src=\"https:\/\/kusthotelletstyrso.se\/wp-content\/uploads\/2024\/10\/email-icon-lava.svg\" alt=\"\" class=\"wp-image-347\"\/><\/figure>\n\n\n\n<p class=\"has-large-font-size\" style=\"margin-top:var(--wp--preset--spacing--10);margin-bottom:8px;font-style:normal;font-weight:500\">E-mail<\/p>\n\n\n\n<p style=\"text-decoration:underline\"><a href=\"mailto:hello@kusthotelletstyrso.se\">hello@kusthotelletstyrso.se<\/a><\/p>\n<\/div>\n<\/div>\n\n\n\n<iframe src=\"https:\/\/www.google.com\/maps\/embed?pb=!1m18!1m12!1m3!1d2137.4364972546846!2d11.786745177181764!3d57.60705924766977!2m3!1f0!2f0!3f0!3m2!1i1024!2i768!4f13.1!3m3!1m2!1s0x464f935774f18041%3A0xed14d6d7dd96dcbc!2sKusthotellet%20Styrs%C3%B6!5e0!3m2!1sen!2sse!4v1738831455526!5m2!1sen!2sse\" width=\"100%\" height=\"310\" style=\"border:0;\" allowfullscreen=\"\" loading=\"lazy\" referrerpolicy=\"no-referrer-when-downgrade\"><\/iframe>\n<\/div>\n\n\n\n<div class=\"wp-block-column is-layout-flow wp-block-column-is-layout-flow\">\n<div class=\"frm_forms  with_frm_style frm_style_kontaktformulars-stilmall-2-0\" id=\"frm_form_1_container\" data-token=\"616638ee387ecdb8a91a4cde52145ef5\">\n<form enctype=\"multipart\/form-data\" method=\"post\" class=\"frm-show-form  frm_pro_form \" id=\"form_kontakt-form\" data-token=\"616638ee387ecdb8a91a4cde52145ef5\">\n<div class=\"frm_form_fields \">\n<fieldset>\n<legend class=\"frm_screen_reader\">Contact<\/legend>\r\n\r\n<div class=\"frm_fields_container\">\n<input type=\"hidden\" name=\"frm_action\" value=\"create\" \/>\n<input type=\"hidden\" name=\"form_id\" value=\"1\" \/>\n<input type=\"hidden\" name=\"frm_hide_fields_1\" id=\"frm_hide_fields_1\" value=\"\" \/>\n<input type=\"hidden\" name=\"form_key\" value=\"kontakt-form\" \/>\n<input type=\"hidden\" name=\"item_meta[0]\" value=\"\" \/>\n<input type=\"hidden\" id=\"frm_submit_entry_1\" name=\"frm_submit_entry_1\" value=\"a7dd2c3c70\" \/><input type=\"hidden\" name=\"_wp_http_referer\" value=\"\/en\/wp-json\/wp\/v2\/pages\/4375\" \/><div id=\"frm_field_1_container\" class=\"frm_form_field form-field  frm_required_field frm_top_container frm12 frm_first\">\r\n\t<label for=\"field_qh4icy\" id=\"field_qh4icy_label\" class=\"frm_primary_label\">Name\r\n\t\t<span class=\"frm_required\" aria-hidden=\"true\">*<\/span>\r\n\t<\/label>\r\n\t<input  type=\"text\" id=\"field_qh4icy\" name=\"item_meta[1]\" value=\"\"  data-reqmsg=\"Name cannot be empty.\" aria-required=\"true\" data-invmsg=\"Name is invalid\" aria-invalid=\"false\"   \/>\r\n\t\r\n\t\r\n<\/div>\n<div id=\"frm_field_3_container\" class=\"frm_form_field form-field  frm_required_field frm_top_container frm12 frm_first\">\r\n\t<label for=\"field_29yf4d\" id=\"field_29yf4d_label\" class=\"frm_primary_label\">E-mail address\r\n\t\t<span class=\"frm_required\" aria-hidden=\"true\">*<\/span>\r\n\t<\/label>\r\n\t<input type=\"email\" id=\"field_29yf4d\" name=\"item_meta[3]\" value=\"\"  data-reqmsg=\"E-mail address cannot be empty.\" aria-required=\"true\" data-invmsg=\"Please enter a valid email address\" aria-invalid=\"false\"  \/>\r\n\t\r\n\t\r\n<\/div>\n<div id=\"frm_field_19_container\" class=\"frm_form_field form-field  frm_required_field frm_top_container frm12 frm_first\">\r\n\t<label for=\"field_pw1q6\" id=\"field_pw1q6_label\" class=\"frm_primary_label\">Phone\r\n\t\t<span class=\"frm_required\" aria-hidden=\"true\">*<\/span>\r\n\t<\/label>\r\n\t<input type=\"tel\" id=\"field_pw1q6\" name=\"item_meta[19]\" value=\"\"  data-reqmsg=\"Phone cannot be empty.\" aria-required=\"true\" data-invmsg=\"Phone is invalid.\" aria-invalid=\"false\" pattern=\"((\\+\\d{1,3}(-|.| )?\\(?\\d\\)?(-| |.)?\\d{1,5})|(\\(?\\d{2,6}\\)?))(-|.| )?(\\d{3,4})(-|.| )?(\\d{4})(( x| ext)\\d{1,5}){0,1}$\"  \/>\r\n\t\r\n\t\r\n<\/div>\n<div id=\"frm_field_5_container\" class=\"frm_form_field form-field  frm_required_field frm_top_container frm_full\">\r\n\t<label for=\"field_9jv0r1\" id=\"field_9jv0r1_label\" class=\"frm_primary_label\">Message\r\n\t\t<span class=\"frm_required\" aria-hidden=\"true\">*<\/span>\r\n\t<\/label>\r\n\t<textarea name=\"item_meta[5]\" id=\"field_9jv0r1\" rows=\"5\"  placeholder=\"Write your message...\" data-reqmsg=\"Message cannot be empty.\" aria-required=\"true\" data-invmsg=\"Message is invalid\" aria-invalid=\"false\"  ><\/textarea>\r\n\t\r\n\t\r\n<\/div>\n<div id=\"frm_field_7_container\" class=\"frm_form_field form-field  frm_required_field frm_none_container frm12 frm_first vertical_radio\">\r\n\t<div  id=\"field_2dhg2_label\" class=\"frm_primary_label\">Terms &amp; Conditions\r\n\t\t<span class=\"frm_required\" aria-hidden=\"true\">*<\/span>\r\n\t<\/div>\r\n\t<div class=\"frm_opt_container\" aria-labelledby=\"field_2dhg2_label\" role=\"group\">\t\t<div class=\"frm_checkbox\" id=\"frm_checkbox_7-0\">\t\t\t<label  for=\"field_2dhg2-0\">\n\t\t\t<input type=\"checkbox\" name=\"item_meta[7][]\" id=\"field_2dhg2-0\" value=\"Jag accepterar &lt;a href=&quot;\/integritetspolicy&quot;&gt;Villkoren&lt;\/a&gt;\"  data-reqmsg=\"Terms &amp; Conditions must be acctepted.\" data-invmsg=\"Terms &amp; Conditions is invalid\"   aria-required=\"true\"  \/> I accept the <a href=\"\/en\/privacy-policy\">Terms &amp; Conditions<\/a>\t<\/label><\/div>\n<\/div>\r\n\t\r\n\t\r\n<\/div>\n<div id=\"frm_field_8_container\" class=\"frm_form_field form-field  frm_none_container frm12 frm_first\">\r\n\t<label for=\"g-recaptcha-response\" id=\"field_5t386_label\" class=\"frm_primary_label\">Captcha\r\n\t\t<span class=\"frm_required\" aria-hidden=\"true\"><\/span>\r\n\t<\/label>\r\n\t<div  id=\"field_5t386\" class=\"frm-g-recaptcha\" data-sitekey=\"6Le7wCIrAAAAAJNHAQAT2URcFjjZ0s82CP79SusS\" data-size=\"invisible\" data-theme=\"light\"><\/div>\r\n\t\r\n\t\r\n<\/div>\n<div id=\"frm_field_6_container\" class=\"frm_form_field form-field \">\r\n\t<div class=\"frm_submit frm_flex\">\r\n<button class=\"frm_button_submit frm_final_submit\" type=\"submit\"   formnovalidate=\"formnovalidate\">SEND MESSAGE<\/button>\r\n\r\n\r\n\r\n<\/div>\r\n<\/div>\n\t<input type=\"hidden\" name=\"item_key\" value=\"\" \/>\n\t\t\t<div id=\"frm_field_57_container\">\n\t\t\t<label for=\"field_4ampc\" >\n\t\t\t\tIf you are human, leave this field blank.\t\t\t<\/label>\n\t\t\t<input  id=\"field_4ampc\" type=\"text\" class=\"frm_form_field form-field frm_verify\" name=\"item_meta[57]\" value=\"\"  \/>\n\t\t<\/div>\n\t\t<input name=\"frm_state\" type=\"hidden\" value=\"vgNHJeoSxNnZvfZbegAwdxQdfkmbOvXslqfa6m1u9feqVoQ8cWWUwxCoRyODAYx+\" \/><\/div>\n<\/fieldset>\n<\/div>\n\n<\/form>\n<\/div>\n\n<\/div>\n<\/div>\n\n   <\/div>","protected":false},"excerpt":{"rendered":"","protected":false},"author":2,"featured_media":0,"parent":0,"menu_order":0,"comment_status":"closed","ping_status":"closed","template":"","meta":{"_acf_changed":false,"footnotes":""},"class_list":["post-4375","page","type-page","status-publish","hentry"],"acf":[],"yoast_head":"<!-- This site is optimized with the Yoast SEO plugin v26.6 - https:\/\/yoast.com\/wordpress\/plugins\/seo\/ -->\n<title>Image gallery - Kusthotellet Styrs\u00f6<\/title>\n<meta name=\"robots\" content=\"index, follow, max-snippet:-1, max-image-preview:large, max-video-preview:-1\" \/>\n<link rel=\"canonical\" href=\"https:\/\/kusthotelletstyrso.se\/en\/image-gallery\/\" \/>\n<meta property=\"og:locale\" content=\"en_US\" \/>\n<meta property=\"og:type\" content=\"article\" \/>\n<meta property=\"og:title\" content=\"Image gallery - Kusthotellet Styrs\u00f6\" \/>\n<meta property=\"og:url\" content=\"https:\/\/kusthotelletstyrso.se\/en\/image-gallery\/\" \/>\n<meta property=\"og:site_name\" content=\"Kusthotellet Styrs\u00f6\" \/>\n<meta property=\"article:publisher\" content=\"https:\/\/www.facebook.com\/people\/Kusthotellet-Styrs\/61559885955403\/\" \/>\n<meta property=\"article:modified_time\" content=\"2025-12-02T15:20:25+00:00\" \/>\n<meta property=\"og:image\" content=\"https:\/\/kusthotelletstyrso.se\/wp-content\/uploads\/2024\/10\/map-marker-lava.svg\" \/>\n<meta name=\"twitter:card\" content=\"summary_large_image\" \/>\n<meta name=\"twitter:label1\" content=\"Est. reading time\" \/>\n\t<meta name=\"twitter:data1\" content=\"1 minute\" \/>\n<script type=\"application\/ld+json\" class=\"yoast-schema-graph\">{\"@context\":\"https:\/\/schema.org\",\"@graph\":[{\"@type\":\"WebPage\",\"@id\":\"https:\/\/kusthotelletstyrso.se\/en\/image-gallery\/\",\"url\":\"https:\/\/kusthotelletstyrso.se\/en\/image-gallery\/\",\"name\":\"Image gallery - Kusthotellet Styrs\u00f6\",\"isPartOf\":{\"@id\":\"https:\/\/kusthotelletstyrso.se\/en\/#website\"},\"primaryImageOfPage\":{\"@id\":\"https:\/\/kusthotelletstyrso.se\/en\/image-gallery\/#primaryimage\"},\"image\":{\"@id\":\"https:\/\/kusthotelletstyrso.se\/en\/image-gallery\/#primaryimage\"},\"thumbnailUrl\":\"https:\/\/kusthotelletstyrso.se\/wp-content\/uploads\/2024\/10\/map-marker-lava.svg\",\"datePublished\":\"2025-11-21T14:17:09+00:00\",\"dateModified\":\"2025-12-02T15:20:25+00:00\",\"breadcrumb\":{\"@id\":\"https:\/\/kusthotelletstyrso.se\/en\/image-gallery\/#breadcrumb\"},\"inLanguage\":\"en-US\",\"potentialAction\":[{\"@type\":\"ReadAction\",\"target\":[\"https:\/\/kusthotelletstyrso.se\/en\/image-gallery\/\"]}]},{\"@type\":\"ImageObject\",\"inLanguage\":\"en-US\",\"@id\":\"https:\/\/kusthotelletstyrso.se\/en\/image-gallery\/#primaryimage\",\"url\":\"https:\/\/kusthotelletstyrso.se\/wp-content\/uploads\/2024\/10\/map-marker-lava.svg\",\"contentUrl\":\"https:\/\/kusthotelletstyrso.se\/wp-content\/uploads\/2024\/10\/map-marker-lava.svg\"},{\"@type\":\"BreadcrumbList\",\"@id\":\"https:\/\/kusthotelletstyrso.se\/en\/image-gallery\/#breadcrumb\",\"itemListElement\":[{\"@type\":\"ListItem\",\"position\":1,\"name\":\"Hem\",\"item\":\"https:\/\/kusthotelletstyrso.se\/en\/\"},{\"@type\":\"ListItem\",\"position\":2,\"name\":\"Image gallery\"}]},{\"@type\":\"WebSite\",\"@id\":\"https:\/\/kusthotelletstyrso.se\/en\/#website\",\"url\":\"https:\/\/kusthotelletstyrso.se\/en\/\",\"name\":\"Kusthotellet Styrs\u00f6\",\"description\":\"\",\"publisher\":{\"@id\":\"https:\/\/kusthotelletstyrso.se\/en\/#organization\"},\"potentialAction\":[{\"@type\":\"SearchAction\",\"target\":{\"@type\":\"EntryPoint\",\"urlTemplate\":\"https:\/\/kusthotelletstyrso.se\/en\/?s={search_term_string}\"},\"query-input\":{\"@type\":\"PropertyValueSpecification\",\"valueRequired\":true,\"valueName\":\"search_term_string\"}}],\"inLanguage\":\"en-US\"},{\"@type\":\"Organization\",\"@id\":\"https:\/\/kusthotelletstyrso.se\/en\/#organization\",\"name\":\"Kusthotellet Styrs\u00f6\",\"url\":\"https:\/\/kusthotelletstyrso.se\/en\/\",\"logo\":{\"@type\":\"ImageObject\",\"inLanguage\":\"en-US\",\"@id\":\"https:\/\/kusthotelletstyrso.se\/en\/#\/schema\/logo\/image\/\",\"url\":\"https:\/\/kusthotelletstyrso.se\/wp-content\/uploads\/2024\/06\/favicon.svg\",\"contentUrl\":\"https:\/\/kusthotelletstyrso.se\/wp-content\/uploads\/2024\/06\/favicon.svg\",\"width\":1,\"height\":1,\"caption\":\"Kusthotellet Styrs\u00f6\"},\"image\":{\"@id\":\"https:\/\/kusthotelletstyrso.se\/en\/#\/schema\/logo\/image\/\"},\"sameAs\":[\"https:\/\/www.facebook.com\/people\/Kusthotellet-Styrs\/61559885955403\/\"]}]}<\/script>\n<!-- \/ Yoast SEO plugin. -->","yoast_head_json":{"title":"Image gallery - Kusthotellet Styrs\u00f6","robots":{"index":"index","follow":"follow","max-snippet":"max-snippet:-1","max-image-preview":"max-image-preview:large","max-video-preview":"max-video-preview:-1"},"canonical":"https:\/\/kusthotelletstyrso.se\/en\/image-gallery\/","og_locale":"en_US","og_type":"article","og_title":"Image gallery - Kusthotellet Styrs\u00f6","og_url":"https:\/\/kusthotelletstyrso.se\/en\/image-gallery\/","og_site_name":"Kusthotellet Styrs\u00f6","article_publisher":"https:\/\/www.facebook.com\/people\/Kusthotellet-Styrs\/61559885955403\/","article_modified_time":"2025-12-02T15:20:25+00:00","og_image":[{"url":"https:\/\/kusthotelletstyrso.se\/wp-content\/uploads\/2024\/10\/map-marker-lava.svg","type":"","width":"","height":""}],"twitter_card":"summary_large_image","twitter_misc":{"Est. reading time":"1 minute"},"schema":{"@context":"https:\/\/schema.org","@graph":[{"@type":"WebPage","@id":"https:\/\/kusthotelletstyrso.se\/en\/image-gallery\/","url":"https:\/\/kusthotelletstyrso.se\/en\/image-gallery\/","name":"Image gallery - Kusthotellet Styrs\u00f6","isPartOf":{"@id":"https:\/\/kusthotelletstyrso.se\/en\/#website"},"primaryImageOfPage":{"@id":"https:\/\/kusthotelletstyrso.se\/en\/image-gallery\/#primaryimage"},"image":{"@id":"https:\/\/kusthotelletstyrso.se\/en\/image-gallery\/#primaryimage"},"thumbnailUrl":"https:\/\/kusthotelletstyrso.se\/wp-content\/uploads\/2024\/10\/map-marker-lava.svg","datePublished":"2025-11-21T14:17:09+00:00","dateModified":"2025-12-02T15:20:25+00:00","breadcrumb":{"@id":"https:\/\/kusthotelletstyrso.se\/en\/image-gallery\/#breadcrumb"},"inLanguage":"en-US","potentialAction":[{"@type":"ReadAction","target":["https:\/\/kusthotelletstyrso.se\/en\/image-gallery\/"]}]},{"@type":"ImageObject","inLanguage":"en-US","@id":"https:\/\/kusthotelletstyrso.se\/en\/image-gallery\/#primaryimage","url":"https:\/\/kusthotelletstyrso.se\/wp-content\/uploads\/2024\/10\/map-marker-lava.svg","contentUrl":"https:\/\/kusthotelletstyrso.se\/wp-content\/uploads\/2024\/10\/map-marker-lava.svg"},{"@type":"BreadcrumbList","@id":"https:\/\/kusthotelletstyrso.se\/en\/image-gallery\/#breadcrumb","itemListElement":[{"@type":"ListItem","position":1,"name":"Hem","item":"https:\/\/kusthotelletstyrso.se\/en\/"},{"@type":"ListItem","position":2,"name":"Image gallery"}]},{"@type":"WebSite","@id":"https:\/\/kusthotelletstyrso.se\/en\/#website","url":"https:\/\/kusthotelletstyrso.se\/en\/","name":"Kusthotellet Styrs\u00f6","description":"","publisher":{"@id":"https:\/\/kusthotelletstyrso.se\/en\/#organization"},"potentialAction":[{"@type":"SearchAction","target":{"@type":"EntryPoint","urlTemplate":"https:\/\/kusthotelletstyrso.se\/en\/?s={search_term_string}"},"query-input":{"@type":"PropertyValueSpecification","valueRequired":true,"valueName":"search_term_string"}}],"inLanguage":"en-US"},{"@type":"Organization","@id":"https:\/\/kusthotelletstyrso.se\/en\/#organization","name":"Kusthotellet Styrs\u00f6","url":"https:\/\/kusthotelletstyrso.se\/en\/","logo":{"@type":"ImageObject","inLanguage":"en-US","@id":"https:\/\/kusthotelletstyrso.se\/en\/#\/schema\/logo\/image\/","url":"https:\/\/kusthotelletstyrso.se\/wp-content\/uploads\/2024\/06\/favicon.svg","contentUrl":"https:\/\/kusthotelletstyrso.se\/wp-content\/uploads\/2024\/06\/favicon.svg","width":1,"height":1,"caption":"Kusthotellet Styrs\u00f6"},"image":{"@id":"https:\/\/kusthotelletstyrso.se\/en\/#\/schema\/logo\/image\/"},"sameAs":["https:\/\/www.facebook.com\/people\/Kusthotellet-Styrs\/61559885955403\/"]}]}},"_links":{"self":[{"href":"https:\/\/kusthotelletstyrso.se\/en\/wp-json\/wp\/v2\/pages\/4375","targetHints":{"allow":["GET"]}}],"collection":[{"href":"https:\/\/kusthotelletstyrso.se\/en\/wp-json\/wp\/v2\/pages"}],"about":[{"href":"https:\/\/kusthotelletstyrso.se\/en\/wp-json\/wp\/v2\/types\/page"}],"author":[{"embeddable":true,"href":"https:\/\/kusthotelletstyrso.se\/en\/wp-json\/wp\/v2\/users\/2"}],"replies":[{"embeddable":true,"href":"https:\/\/kusthotelletstyrso.se\/en\/wp-json\/wp\/v2\/comments?post=4375"}],"version-history":[{"count":1,"href":"https:\/\/kusthotelletstyrso.se\/en\/wp-json\/wp\/v2\/pages\/4375\/revisions"}],"predecessor-version":[{"id":4376,"href":"https:\/\/kusthotelletstyrso.se\/en\/wp-json\/wp\/v2\/pages\/4375\/revisions\/4376"}],"wp:attachment":[{"href":"https:\/\/kusthotelletstyrso.se\/en\/wp-json\/wp\/v2\/media?parent=4375"}],"curies":[{"name":"wp","href":"https:\/\/api.w.org\/{rel}","templated":true}]}}